{"id":5,"date":"2021-02-09T15:30:47","date_gmt":"2021-02-09T14:30:47","guid":{"rendered":"http:\/\/jeannot.de\/jeannot_2021\/?page_id=5"},"modified":"2021-11-29T14:59:46","modified_gmt":"2021-11-29T13:59:46","slug":"gestalte-deine-website-mit-bloecken","status":"publish","type":"page","link":"https:\/\/jeannot.de\/jeannot_2021\/","title":{"rendered":"Home"},"content":{"rendered":"\n<div class=\"wp-block-cover alignwide has-green-background-color has-background-dim is-style-twentytwentyone-border\"><video class=\"wp-block-cover__video-background intrinsic-ignore\" autoplay muted loop playsinline src=\"https:\/\/jeannot.de\/jeannot_2021\/wp-content\/uploads\/2021\/02\/website.mov\" data-object-fit=\"cover\"><\/video><div class=\"wp-block-cover__inner-container is-layout-flow wp-block-cover-is-layout-flow\">\n<div style=\"height:75px\" aria-hidden=\"true\" class=\"wp-block-spacer\"><\/div>\n\n\n\n<div class=\"wp-block-columns is-layout-flex wp-container-core-columns-is-layout-9d6595d7 wp-block-columns-is-layout-flex\">\n<div class=\"wp-block-column is-layout-flow wp-block-column-is-layout-flow\"><\/div>\n\n\n\n<div class=\"wp-block-column is-layout-flow wp-block-column-is-layout-flow\"><\/div>\n<\/div>\n\n\n\n<div style=\"height:20px\" aria-hidden=\"true\" class=\"wp-block-spacer\"><\/div>\n<\/div><\/div>\n\n\n\n<p><\/p>\n\n\n\n<div class=\"wp-block-columns is-layout-flex wp-container-core-columns-is-layout-9d6595d7 wp-block-columns-is-layout-flex\">\n<div class=\"wp-block-column is-layout-flow wp-block-column-is-layout-flow\" style=\"flex-basis:100%\">\n<div class=\"wp-block-columns alignwide are-vertically-aligned-top is-layout-flex wp-container-core-columns-is-layout-9d6595d7 wp-block-columns-is-layout-flex\">\n<div class=\"wp-block-column is-vertically-aligned-top is-layout-flow wp-block-column-is-layout-flow\">\n<h3 class=\"has-text-align-left wp-block-heading\">Wer wir sind<\/h3>\n\n\n\n<p class=\"has-text-align-left\">Das Grafik-Atelier wurde 1982 gegr\u00fcndet von Jeannot Wei\u00dfenberger im alten Pflughof-Areal.<br>Seit 1990 im alten denkmalgesch\u00fctzten Gef\u00e4ngnis der Stadt Schopfheim.<\/p>\n\n\n\n<h3 class=\"has-text-align-left wp-block-heading\">Unsere Kunden<\/h3>\n\n\n\n<p class=\"has-text-align-left\">Kunden aller Branchen im Dreil\u00e4ndereck Schweiz-Deutschland-Frankreich.<\/p>\n\n\n\n<h3 class=\"has-text-align-left wp-block-heading\">Full Service<\/h3>\n\n\n\n<p class=\"has-text-align-left\">Werbung und Werbekonzepte, Web-Design, CI\/CD-Konzepte, Anzeigen-Kampagnen, Illustrationen, Messeauftritte und Fahrzeug-Design.<\/p>\n\n\n\n<p><br><br><br><br><\/p>\n\n\n\n<p><br><\/p>\n<\/div>\n\n\n\n<div class=\"wp-block-column is-layout-flow wp-block-column-is-layout-flow\">\n<figure class=\"wp-block-image size-full\"><a href=\"https:\/\/jeannot.de\/jeannot_2021\/unsere-weihnachtskarten\/\"><img fetchpriority=\"high\" decoding=\"async\" width=\"800\" height=\"800\" src=\"https:\/\/jeannot.de\/jeannot_2021\/wp-content\/uploads\/2021\/11\/Social_2.jpg\" alt=\"\" class=\"wp-image-1202\" srcset=\"https:\/\/jeannot.de\/jeannot_2021\/wp-content\/uploads\/2021\/11\/Social_2.jpg 800w, https:\/\/jeannot.de\/jeannot_2021\/wp-content\/uploads\/2021\/11\/Social_2-300x300.jpg 300w, https:\/\/jeannot.de\/jeannot_2021\/wp-content\/uploads\/2021\/11\/Social_2-150x150.jpg 150w, https:\/\/jeannot.de\/jeannot_2021\/wp-content\/uploads\/2021\/11\/Social_2-768x768.jpg 768w, https:\/\/jeannot.de\/jeannot_2021\/wp-content\/uploads\/2021\/11\/Social_2-75x75.jpg 75w\" sizes=\"(max-width: 800px) 100vw, 800px\" \/><\/a><figcaption><a href=\"https:\/\/jeannot.de\/jeannot_2021\/unsere-weihnachtskarten\/\" data-type=\"page\" data-id=\"860\">Weihnachtskarten<\/a><\/figcaption><\/figure>\n<\/div>\n<\/div>\n<\/div>\n<\/div>\n","protected":false},"excerpt":{"rendered":"<p>Wer wir sind Das Grafik-Atelier wurde 1982 gegr\u00fcndet von Jeannot Wei\u00dfenberger im alten Pflughof-Areal.Seit 1990 im alten denkmalgesch\u00fctzten Gef\u00e4ngnis der Stadt Schopfheim. Unsere Kunden Kunden aller Branchen im Dreil\u00e4ndereck Schweiz-Deutschland-Frankreich. Full Service Werbung und Werbekonzepte, Web-Design, CI\/CD-Konzepte, Anzeigen-Kampagnen, Illustrationen, Messeauftritte und Fahrzeug-Design.<\/p>\n","protected":false},"author":1,"featured_media":0,"parent":0,"menu_order":0,"comment_status":"closed","ping_status":"closed","template":"","meta":{"footnotes":""},"class_list":["post-5","page","type-page","status-publish","hentry"],"_links":{"self":[{"href":"https:\/\/jeannot.de\/jeannot_2021\/wp-json\/wp\/v2\/pages\/5","targetHints":{"allow":["GET"]}}],"collection":[{"href":"https:\/\/jeannot.de\/jeannot_2021\/wp-json\/wp\/v2\/pages"}],"about":[{"href":"https:\/\/jeannot.de\/jeannot_2021\/wp-json\/wp\/v2\/types\/page"}],"author":[{"embeddable":true,"href":"https:\/\/jeannot.de\/jeannot_2021\/wp-json\/wp\/v2\/users\/1"}],"replies":[{"embeddable":true,"href":"https:\/\/jeannot.de\/jeannot_2021\/wp-json\/wp\/v2\/comments?post=5"}],"version-history":[{"count":21,"href":"https:\/\/jeannot.de\/jeannot_2021\/wp-json\/wp\/v2\/pages\/5\/revisions"}],"predecessor-version":[{"id":1262,"href":"https:\/\/jeannot.de\/jeannot_2021\/wp-json\/wp\/v2\/pages\/5\/revisions\/1262"}],"wp:attachment":[{"href":"https:\/\/jeannot.de\/jeannot_2021\/wp-json\/wp\/v2\/media?parent=5"}],"curies":[{"name":"wp","href":"https:\/\/api.w.org\/{rel}","templated":true}]}}