{"id":93,"date":"2021-02-10T18:51:48","date_gmt":"2021-02-10T17:51:48","guid":{"rendered":"http:\/\/jeannot.de\/jeannot_2021\/?page_id=93"},"modified":"2021-08-02T14:35:55","modified_gmt":"2021-08-02T12:35:55","slug":"werbeagentur","status":"publish","type":"page","link":"https:\/\/jeannot.de\/jeannot_2021\/werbeagentur\/","title":{"rendered":"Werbeagentur"},"content":{"rendered":"\t\t<div data-elementor-type=\"wp-page\" data-elementor-id=\"93\" class=\"elementor elementor-93\">\n\t\t\t\t\t\t<section class=\"elementor-section elementor-top-section elementor-element elementor-element-73355088 elementor-section-boxed elementor-section-height-default elementor-section-height-default\" data-id=\"73355088\" data-element_type=\"section\" data-e-type=\"section\">\n\t\t\t\t\t\t<div class=\"elementor-container elementor-column-gap-default\">\n\t\t\t\t\t<div class=\"elementor-column elementor-col-100 elementor-top-column elementor-element elementor-element-567cfdf1\" data-id=\"567cfdf1\" data-element_type=\"column\" data-e-type=\"column\">\n\t\t\t<div class=\"elementor-widget-wrap elementor-element-populated\">\n\t\t\t\t\t\t<div class=\"elementor-element elementor-element-da07719 elementor-widget elementor-widget-image\" data-id=\"da07719\" data-element_type=\"widget\" data-e-type=\"widget\" data-widget_type=\"image.default\">\n\t\t\t\t<div class=\"elementor-widget-container\">\n\t\t\t\t\t\t\t\t\t\t\t\t\t\t\t<img fetchpriority=\"high\" decoding=\"async\" width=\"1536\" height=\"1024\" src=\"https:\/\/jeannot.de\/jeannot_2021\/wp-content\/uploads\/2021\/08\/knast_blaugrau-1536x1024.jpg\" class=\"attachment-1536x1536 size-1536x1536 wp-image-757\" alt=\"\" srcset=\"https:\/\/jeannot.de\/jeannot_2021\/wp-content\/uploads\/2021\/08\/knast_blaugrau-1536x1024.jpg 1536w, https:\/\/jeannot.de\/jeannot_2021\/wp-content\/uploads\/2021\/08\/knast_blaugrau-300x200.jpg 300w, https:\/\/jeannot.de\/jeannot_2021\/wp-content\/uploads\/2021\/08\/knast_blaugrau-1024x683.jpg 1024w, https:\/\/jeannot.de\/jeannot_2021\/wp-content\/uploads\/2021\/08\/knast_blaugrau-768x512.jpg 768w, https:\/\/jeannot.de\/jeannot_2021\/wp-content\/uploads\/2021\/08\/knast_blaugrau-2048x1365.jpg 2048w, https:\/\/jeannot.de\/jeannot_2021\/wp-content\/uploads\/2021\/08\/knast_blaugrau-1140x760.jpg 1140w\" sizes=\"(max-width: 1536px) 100vw, 1536px\" \/>\t\t\t\t\t\t\t\t\t\t\t\t\t\t\t<\/div>\n\t\t\t\t<\/div>\n\t\t\t\t<div class=\"elementor-element elementor-element-72aec36 elementor-widget elementor-widget-text-editor\" data-id=\"72aec36\" data-element_type=\"widget\" data-e-type=\"widget\" data-widget_type=\"text-editor.default\">\n\t\t\t\t<div class=\"elementor-widget-container\">\n\t\t\t\t\t\t\t\t\t<p><\/p>\n<p><span style=\"color: var( --e-global-color-text ); font-family: var( --e-global-typography-text-font-family ), Sans-serif; letter-spacing: 0px;\">1982 gegr\u00fcndet von Jeannot Wei\u00dfenberger in einem kleinen B\u00fcro gegen\u00fcber des legend\u00e4ren &#8222;Pflug-Saales&#8220; im Herzen Schopfheims.<\/span><br><\/p><p><span style=\"color: var( --e-global-color-text ); font-family: var( --e-global-typography-text-font-family ), Sans-serif; letter-spacing: 0px;\">Seit 1990 im alten denkmalgesch\u00fctzten Gef\u00e4ngnis der Stadt Schopfheim bedienen wir Kunden aller Branchen im Dreil\u00e4ndereck Deutschland, Schweiz und Frankreich.<\/span><\/p><p><strong style=\"color: var( --e-global-color-text ); font-family: var( --e-global-typography-text-font-family ), Sans-serif; letter-spacing: 0px;\">Unsere Leistungen:<\/strong><\/p>\n<p><\/p>\n<p><\/p>\n<ul class=\"wp-block-list\">\n<li>Beratung und Unterst\u00fctzung bei der Umsetzung Ihrer Werbe-Ideen<\/li>\n<li>Entwicklung von Werbekonzepten<\/li>\n<li>CI\/CD-Konzepte<\/li>\n<li>Illustrationen<\/li>\n<li>Messeauftritte<\/li>\n<li>Beschriftungen und Fahrzeug-Design<\/li>\n<li>Web-Design<\/li>\n<\/ul>\n<p><\/p>\t\t\t\t\t\t\t\t<\/div>\n\t\t\t\t<\/div>\n\t\t\t\t\t<\/div>\n\t\t<\/div>\n\t\t\t\t\t<\/div>\n\t\t<\/section>\n\t\t\t\t<\/div>\n\t\t","protected":false},"excerpt":{"rendered":"<p>1982 gegr\u00fcndet von Jeannot Wei\u00dfenberger in einem kleinen B\u00fcro gegen\u00fcber des legend\u00e4ren &#8222;Pflug-Saales&#8220; im Herzen Schopfheims. Seit 1990 im alten denkmalgesch\u00fctzten Gef\u00e4ngnis der Stadt Schopfheim bedienen wir Kunden aller Branchen im Dreil\u00e4ndereck Deutschland, Schweiz und Frankreich. Unsere Leistungen: Beratung und Unterst\u00fctzung bei der Umsetzung Ihrer Werbe-Ideen Entwicklung von Werbekonzepten CI\/CD-Konzepte Illustrationen Messeauftritte Beschriftungen und Fahrzeug-Design Web-Design<\/p>\n","protected":false},"author":1,"featured_media":0,"parent":0,"menu_order":0,"comment_status":"closed","ping_status":"closed","template":"","meta":{"footnotes":""},"class_list":["post-93","page","type-page","status-publish","hentry"],"_links":{"self":[{"href":"https:\/\/jeannot.de\/jeannot_2021\/wp-json\/wp\/v2\/pages\/93","targetHints":{"allow":["GET"]}}],"collection":[{"href":"https:\/\/jeannot.de\/jeannot_2021\/wp-json\/wp\/v2\/pages"}],"about":[{"href":"https:\/\/jeannot.de\/jeannot_2021\/wp-json\/wp\/v2\/types\/page"}],"author":[{"embeddable":true,"href":"https:\/\/jeannot.de\/jeannot_2021\/wp-json\/wp\/v2\/users\/1"}],"replies":[{"embeddable":true,"href":"https:\/\/jeannot.de\/jeannot_2021\/wp-json\/wp\/v2\/comments?post=93"}],"version-history":[{"count":17,"href":"https:\/\/jeannot.de\/jeannot_2021\/wp-json\/wp\/v2\/pages\/93\/revisions"}],"predecessor-version":[{"id":772,"href":"https:\/\/jeannot.de\/jeannot_2021\/wp-json\/wp\/v2\/pages\/93\/revisions\/772"}],"wp:attachment":[{"href":"https:\/\/jeannot.de\/jeannot_2021\/wp-json\/wp\/v2\/media?parent=93"}],"curies":[{"name":"wp","href":"https:\/\/api.w.org\/{rel}","templated":true}]}}